{"id":1109,"date":"2026-03-02T15:12:46","date_gmt":"2026-03-02T14:12:46","guid":{"rendered":"https:\/\/www.gaialanouveleve.com\/?page_id=1109"},"modified":"2026-03-02T16:09:29","modified_gmt":"2026-03-02T15:09:29","slug":"pressotherapie","status":"publish","type":"page","link":"https:\/\/www.gaialanouveleve.com\/index.php\/pressotherapie\/","title":{"rendered":"Pressotherapie"},"content":{"rendered":"\n<p>La pressoth\u00e9rapie est une technique de drainage m\u00e9canique qui stimule la circulation sanguine et lymphatique gr\u00e2ce \u00e0 un syst\u00e8me de pressions d\u2019air contr\u00f4l\u00e9es. \u00c9quip\u00e9(e) de bottes, d\u2019une ceinture ou de manchons sp\u00e9cifiques, le corps re\u00e7oit des compressions s\u00e9quentielles favorisant l\u2019\u00e9limination des toxines et des exc\u00e8s de liquides.<\/p>\n\n\n\n<p>Ce soin est particuli\u00e8rement recommand\u00e9 pour les sensations de jambes lourdes, la r\u00e9tention d\u2019eau, la cellulite et dans le cadre d\u2019un programme minceur. Il contribue \u00e9galement \u00e0 am\u00e9liorer la r\u00e9cup\u00e9ration musculaire et procure une agr\u00e9able sensation de l\u00e9g\u00e8ret\u00e9 d\u00e8s la premi\u00e8re s\u00e9ance.<\/p>\n\n\n\n<p>Confortable et relaxante, la pressoth\u00e9rapie est une m\u00e9thode non invasive, sans douleur et sans \u00e9viction sociale. Les r\u00e9sultats sont visibles progressivement, avec une silhouette plus l\u00e9g\u00e8re et une sensation durable de bien-\u00eatre.<\/p>\n\n\n\n<p class=\"has-vivid-cyan-blue-color has-text-color has-medium-font-size\">Tarifs : <\/p>\n\n\n\n<p class=\"has-vivid-cyan-blue-color has-text-color\">S\u00e9ance d\u00e9couverte 20 minutes : <strong>20\u20ac<\/strong><br>S\u00e9ance standard 45 minutes : <strong>40\u20ac<\/strong><br>Cure 10 s\u00e9ances : <strong>270\u20ac<\/strong><\/p>\n","protected":false},"excerpt":{"rendered":"<p>La pressoth\u00e9rapie est une technique de drainage m\u00e9canique qui stimule la circulation sanguine et lymphatique gr\u00e2ce \u00e0 un syst\u00e8me de pressions d\u2019air contr\u00f4l\u00e9es. \u00c9quip\u00e9(e) de bottes, d\u2019une ceinture ou de manchons sp\u00e9cifiques, le corps re\u00e7oit des compressions s\u00e9quentielles favorisant l\u2019\u00e9limination des toxines et des exc\u00e8s de liquides. Ce soin est particuli\u00e8rement recommand\u00e9 pour les sensations &hellip; <\/p>\n<p class=\"link-more\"><a href=\"https:\/\/www.gaialanouveleve.com\/index.php\/pressotherapie\/\" class=\"more-link\">Continuer la lecture<span class=\"screen-reader-text\"> de &laquo;&nbsp;Pressotherapie&nbsp;&raquo;<\/span><\/a><\/p>\n","protected":false},"author":1,"featured_media":0,"parent":0,"menu_order":0,"comment_status":"closed","ping_status":"closed","template":"","meta":{"footnotes":""},"yoast_head":"<!-- This site is optimized with the Yoast SEO plugin v14.1 - https:\/\/yoast.com\/wordpress\/plugins\/seo\/ -->\n<title>Pressotherapie - GA\u00cfA LA NOUVELLE EVE<\/title>\n<meta name=\"robots\" content=\"index, follow\" \/>\n<meta name=\"googlebot\" content=\"index, follow, max-snippet:-1, max-image-preview:large, max-video-preview:-1\" \/>\n<meta name=\"bingbot\" content=\"index, follow, max-snippet:-1, max-image-preview:large, max-video-preview:-1\" \/>\n<link rel=\"canonical\" href=\"https:\/\/www.gaialanouveleve.com\/index.php\/pressotherapie\/\" \/>\n<meta property=\"og:locale\" content=\"fr_FR\" \/>\n<meta property=\"og:type\" content=\"article\" \/>\n<meta property=\"og:title\" content=\"Pressotherapie - GA\u00cfA LA NOUVELLE EVE\" \/>\n<meta property=\"og:description\" content=\"La pressoth\u00e9rapie est une technique de drainage m\u00e9canique qui stimule la circulation sanguine et lymphatique gr\u00e2ce \u00e0 un syst\u00e8me de pressions d\u2019air contr\u00f4l\u00e9es. \u00c9quip\u00e9(e) de bottes, d\u2019une ceinture ou de manchons sp\u00e9cifiques, le corps re\u00e7oit des compressions s\u00e9quentielles favorisant l\u2019\u00e9limination des toxines et des exc\u00e8s de liquides. Ce soin est particuli\u00e8rement recommand\u00e9 pour les sensations &hellip; Continuer la lecture de &laquo;&nbsp;Pressotherapie&nbsp;&raquo;\" \/>\n<meta property=\"og:url\" content=\"https:\/\/www.gaialanouveleve.com\/index.php\/pressotherapie\/\" \/>\n<meta property=\"og:site_name\" content=\"GA\u00cfA LA NOUVELLE EVE\" \/>\n<meta property=\"article:author\" content=\"https:\/\/www.facebook.com\/profile.php?id=100034857379711&amp;locale=fr_FR\" \/>\n<meta property=\"article:modified_time\" content=\"2026-03-02T15:09:29+00:00\" \/>\n<meta name=\"twitter:card\" content=\"summary_large_image\" \/>\n<script type=\"application\/ld+json\" class=\"yoast-schema-graph\">{\"@context\":\"https:\/\/schema.org\",\"@graph\":[{\"@type\":\"WebSite\",\"@id\":\"https:\/\/www.gaialanouveleve.com\/#website\",\"url\":\"https:\/\/www.gaialanouveleve.com\/\",\"name\":\"GA\\u00cfA LA NOUVELLE EVE\",\"description\":\"BEAUT\\u00c9 ET S\\u00c9R\\u00c9NIT\\u00c9 INT\\u00c9RIEUR ET EXTERIEUR\",\"potentialAction\":[{\"@type\":\"SearchAction\",\"target\":\"https:\/\/www.gaialanouveleve.com\/?s={search_term_string}\",\"query-input\":\"required name=search_term_string\"}],\"inLanguage\":\"fr-FR\"},{\"@type\":\"WebPage\",\"@id\":\"https:\/\/www.gaialanouveleve.com\/index.php\/pressotherapie\/#webpage\",\"url\":\"https:\/\/www.gaialanouveleve.com\/index.php\/pressotherapie\/\",\"name\":\"Pressotherapie - GA\\u00cfA LA NOUVELLE EVE\",\"isPartOf\":{\"@id\":\"https:\/\/www.gaialanouveleve.com\/#website\"},\"datePublished\":\"2026-03-02T14:12:46+00:00\",\"dateModified\":\"2026-03-02T15:09:29+00:00\",\"inLanguage\":\"fr-FR\",\"potentialAction\":[{\"@type\":\"ReadAction\",\"target\":[\"https:\/\/www.gaialanouveleve.com\/index.php\/pressotherapie\/\"]}]}]}<\/script>\n<!-- \/ Yoast SEO plugin. -->","_links":{"self":[{"href":"https:\/\/www.gaialanouveleve.com\/index.php\/wp-json\/wp\/v2\/pages\/1109"}],"collection":[{"href":"https:\/\/www.gaialanouveleve.com\/index.php\/wp-json\/wp\/v2\/pages"}],"about":[{"href":"https:\/\/www.gaialanouveleve.com\/index.php\/wp-json\/wp\/v2\/types\/page"}],"author":[{"embeddable":true,"href":"https:\/\/www.gaialanouveleve.com\/index.php\/wp-json\/wp\/v2\/users\/1"}],"replies":[{"embeddable":true,"href":"https:\/\/www.gaialanouveleve.com\/index.php\/wp-json\/wp\/v2\/comments?post=1109"}],"version-history":[{"count":2,"href":"https:\/\/www.gaialanouveleve.com\/index.php\/wp-json\/wp\/v2\/pages\/1109\/revisions"}],"predecessor-version":[{"id":1128,"href":"https:\/\/www.gaialanouveleve.com\/index.php\/wp-json\/wp\/v2\/pages\/1109\/revisions\/1128"}],"wp:attachment":[{"href":"https:\/\/www.gaialanouveleve.com\/index.php\/wp-json\/wp\/v2\/media?parent=1109"}],"curies":[{"name":"wp","href":"https:\/\/api.w.org\/{rel}","templated":true}]}}